{"id":3957,"date":"2021-01-21T15:34:52","date_gmt":"2021-01-21T14:34:52","guid":{"rendered":"https:\/\/www.hartmann-consultants.com\/hc-quarterly-february-2021\/"},"modified":"2021-02-08T10:35:03","modified_gmt":"2021-02-08T09:35:03","slug":"hc-quarterly-february-2021","status":"publish","type":"page","link":"https:\/\/www.hartmann-consultants.com\/en\/hc-quarterly-february-2021\/","title":{"rendered":"hc quarterly February 2021"},"content":{"rendered":"<article class=\"post_use_as_teaser post_layout_teaser-16col post_layout_text-image-left aktuelles type-aktuelles status-draft has-post-thumbnail hentry category-allgemein\"><br \/>\n<div class=\"left-col\"><img decoding=\"async\" class=\"alignnone size-full\" src=\"https:\/\/www.hartmann-consultants.com\/wp-content\/uploads\/quarterly2021_header.jpg\" alt=\"\"\/>\n<p>Mit Ihren Zugangsdaten aus der Einladung k\u00f6nnen Sie sich hier einloggen und sich anschlie\u00dfend f\u00fcr Ihren gew\u00fcnschten Termin registrieren.<div class=\"\"><form name=\"loginform\" id=\"loginform\" action=\"https:\/\/www.hartmann-consultants.com\/wp-login.php\" method=\"post\"><p class=\"login-username\">\n\t\t\t\t<label for=\"user_login\">Benutzername<\/label>\n\t\t\t\t<input type=\"text\" name=\"log\" id=\"user_login\" autocomplete=\"username\" class=\"input\" value=\"\" size=\"20\" \/>\n\t\t\t<\/p><p class=\"login-password\">\n\t\t\t\t<label for=\"user_pass\">Passwort<\/label>\n\t\t\t\t<input type=\"password\" name=\"pwd\" id=\"user_pass\" autocomplete=\"current-password\" spellcheck=\"false\" class=\"input\" value=\"\" size=\"20\" \/>\n\t\t\t<\/p><p class=\"login-submit\">\n\t\t\t\t<input type=\"submit\" name=\"wp-submit\" id=\"anmelden\" class=\"button button-primary\" value=\"Log In\" \/>\n\t\t\t\t<input type=\"hidden\" name=\"redirect_to\" value=\"https:\/\/www.hartmann-consultants.com\/en\/wp-json\/wp\/v2\/pages\/3957\" \/>\n\t\t\t<\/p><\/form><\/div><\/p>\n<h2>In Zusammenarbeit mit<\/h2>\n<ul class=\"sponsors\">\n<li><img decoding=\"async\" class=\"alignnone src=\" src=\"https:\/\/www.hartmann-consultants.com\/wp-content\/uploads\/roland_berger.png\" alt=\"\"\/><\/li>\n<\/ul>\n<\/div>\n<h2>Wirkstoff gegen Insolvenz? &nbsp;Die neuen M\u00f6glichkeiten pr\u00e4ventiver Restrukturierung im Lockdown und L\u00f6sungen f\u00fcr die Zeit danach.<\/h2>\n<ul class=\"program\">\n<li><strong>Start &amp; Begr\u00fc\u00dfung<\/strong><br \/>\n18:00 Uhr<br \/>\nSimone Hartmann<\/li>\n<li><strong>Aktuelle Roland Berger Markteinsch\u00e4tzung und Planungspr\u00e4missen<\/strong><br \/>\n18:05 Uhr\n<ul>\n<li><strong>Erwartungen zum aktuellen Lockdown<\/strong><\/li>\n<li><strong>Szenarien der Markterholung<\/strong><\/li>\n<\/ul>\n<p>Dr. Richard Federowski\/Faris Momani<\/p><\/li>\n<li><strong>Liquidit\u00e4tshilfen im Lockdown \u2013 was kann die Bazooka?<\/strong><br \/>\n18:10 Uhr\n<ul>\n<li><strong>\u00dcberblick der derzeitigen staatlichen Unterst\u00fctzungsprogramme <\/strong><\/li>\n<li><strong>Voraussetzungen und Dauer<\/strong><\/li>\n<\/ul>\n<p>Alexander M\u00fcller<\/p><\/li>\n<li><strong>Transparenz als erste B\u00fcrgerpflicht \u2013 Liquidit\u00e4tsplanung und Szenarien in der Krise<\/strong><br \/>\n18:15 Uhr\n<ul>\n<li><strong>Pflichten eines Gesch\u00e4ftsf\u00fchrers zur Krisenfr\u00fcherkennung (Ausblick auf StaRUG) <\/strong><\/li>\n<li><strong>Aufbau eines rollierenden Systems zur Liquidit\u00e4tsplanung<\/strong><\/li>\n<li><strong>Szenarienplanung als notwendige Voraussetzung f\u00fcr eine echte Krisenfr\u00fcherkennung<\/strong><\/li>\n<\/ul>\n<p>Alexander M\u00fcller<\/p><\/li>\n<li><strong>\u00dcberblick Insolvenzantragsgr\u00fcnde und aktuelle Ausnahmeregelungen<\/strong><br \/>\n18:25 Uhr<br \/>\nDr. Sven Tischendorf<\/li>\n<li><strong>Was kommt danach \u2013 die M\u00f6glichkeiten des neuen Gesetzes zur Stabilisierung und Restrukturierung von Unternehmen<\/strong><br \/>\n18:30 Uhr\n<ul>\n<li><strong>\u00dcberblick Eintrittsvoraussetzungen und Kernelemente des StaRUG<\/strong><\/li>\n<li><strong>Instrumente und Anwendungsm\u00f6glichkeiten<\/strong><\/li>\n<li><strong>Roland Berger Thesen zur praktischen Umsetzung<\/strong><\/li>\n<\/ul>\n<p>Alexander M\u00fcller<\/p><\/li>\n<li><strong>Last Exit Insolvenzrecht: Sanierung \u00fcber die Insolvenz in Eigenverwaltung \u2013 ein Erfahrungsbericht der Hallhuber GmbH, M\u00fcnchen<\/strong><br \/>\n18:40 Uhr<br \/>\nNick Hartmann im Gespr\u00e4ch mit Dr. Sven Tischendorf\/Rouven Angermann<\/li>\n<li><strong>Fragen\/R\u00fcckmeldung<\/strong><br \/>\n19:00 Uhr<\/li>\n<li><strong>Verabschiedung<\/strong><br \/>\n19:15 Uhr<\/li>\n<\/ul>\n<\/article>\n","protected":false},"excerpt":{"rendered":"","protected":false},"author":1,"featured_media":0,"parent":0,"menu_order":0,"comment_status":"closed","ping_status":"closed","template":"","meta":{"_acf_changed":false,"footnotes":""},"class_list":["post-3957","page","type-page","status-publish","hentry"],"acf":[],"yoast_head":"<!-- This site is optimized with the Yoast SEO plugin v23.8 - https:\/\/yoast.com\/wordpress\/plugins\/seo\/ -->\n<title>hc quarterly February 2021 - Hartmann Consultants<\/title>\n<meta name=\"robots\" content=\"index, follow, max-snippet:-1, max-image-preview:large, max-video-preview:-1\" \/>\n<link rel=\"canonical\" href=\"https:\/\/www.hartmann-consultants.com\/en\/hc-quarterly-february-2021\/\" \/>\n<meta property=\"og:locale\" content=\"en_US\" \/>\n<meta property=\"og:type\" content=\"article\" \/>\n<meta property=\"og:title\" content=\"hc quarterly February 2021 - Hartmann Consultants\" \/>\n<meta property=\"og:url\" content=\"https:\/\/www.hartmann-consultants.com\/en\/hc-quarterly-february-2021\/\" \/>\n<meta property=\"og:site_name\" content=\"Hartmann Consultants\" \/>\n<meta property=\"article:modified_time\" content=\"2021-02-08T09:35:03+00:00\" \/>\n<meta property=\"og:image\" content=\"https:\/\/www.hartmann-consultants.com\/wp-content\/uploads\/quarterly2021_header.jpg\" \/>\n<meta name=\"twitter:card\" content=\"summary_large_image\" \/>\n<meta name=\"twitter:label1\" content=\"Est. reading time\" \/>\n\t<meta name=\"twitter:data1\" content=\"2 minutes\" \/>\n<script type=\"application\/ld+json\" class=\"yoast-schema-graph\">{\"@context\":\"https:\/\/schema.org\",\"@graph\":[{\"@type\":\"WebPage\",\"@id\":\"https:\/\/www.hartmann-consultants.com\/en\/hc-quarterly-february-2021\/\",\"url\":\"https:\/\/www.hartmann-consultants.com\/en\/hc-quarterly-february-2021\/\",\"name\":\"hc quarterly February 2021 - Hartmann Consultants\",\"isPartOf\":{\"@id\":\"https:\/\/www.hartmann-consultants.com\/#website\"},\"primaryImageOfPage\":{\"@id\":\"https:\/\/www.hartmann-consultants.com\/en\/hc-quarterly-february-2021\/#primaryimage\"},\"image\":{\"@id\":\"https:\/\/www.hartmann-consultants.com\/en\/hc-quarterly-february-2021\/#primaryimage\"},\"thumbnailUrl\":\"https:\/\/www.hartmann-consultants.com\/wp-content\/uploads\/quarterly2021_header.jpg\",\"datePublished\":\"2021-01-21T14:34:52+00:00\",\"dateModified\":\"2021-02-08T09:35:03+00:00\",\"breadcrumb\":{\"@id\":\"https:\/\/www.hartmann-consultants.com\/en\/hc-quarterly-february-2021\/#breadcrumb\"},\"inLanguage\":\"en-US\",\"potentialAction\":[{\"@type\":\"ReadAction\",\"target\":[\"https:\/\/www.hartmann-consultants.com\/en\/hc-quarterly-february-2021\/\"]}]},{\"@type\":\"ImageObject\",\"inLanguage\":\"en-US\",\"@id\":\"https:\/\/www.hartmann-consultants.com\/en\/hc-quarterly-february-2021\/#primaryimage\",\"url\":\"https:\/\/www.hartmann-consultants.com\/wp-content\/uploads\/quarterly2021_header.jpg\",\"contentUrl\":\"https:\/\/www.hartmann-consultants.com\/wp-content\/uploads\/quarterly2021_header.jpg\"},{\"@type\":\"BreadcrumbList\",\"@id\":\"https:\/\/www.hartmann-consultants.com\/en\/hc-quarterly-february-2021\/#breadcrumb\",\"itemListElement\":[{\"@type\":\"ListItem\",\"position\":1,\"name\":\"Startseite\",\"item\":\"https:\/\/www.hartmann-consultants.com\/en\/\"},{\"@type\":\"ListItem\",\"position\":2,\"name\":\"hc quarterly February 2021\"}]},{\"@type\":\"WebSite\",\"@id\":\"https:\/\/www.hartmann-consultants.com\/#website\",\"url\":\"https:\/\/www.hartmann-consultants.com\/\",\"name\":\"Hartmann Consultants\",\"description\":\"Executive Search\",\"publisher\":{\"@id\":\"https:\/\/www.hartmann-consultants.com\/#organization\"},\"potentialAction\":[{\"@type\":\"SearchAction\",\"target\":{\"@type\":\"EntryPoint\",\"urlTemplate\":\"https:\/\/www.hartmann-consultants.com\/?s={search_term_string}\"},\"query-input\":{\"@type\":\"PropertyValueSpecification\",\"valueRequired\":true,\"valueName\":\"search_term_string\"}}],\"inLanguage\":\"en-US\"},{\"@type\":\"Organization\",\"@id\":\"https:\/\/www.hartmann-consultants.com\/#organization\",\"name\":\"Hartmann Consultants\",\"url\":\"https:\/\/www.hartmann-consultants.com\/\",\"logo\":{\"@type\":\"ImageObject\",\"inLanguage\":\"en-US\",\"@id\":\"https:\/\/www.hartmann-consultants.com\/#\/schema\/logo\/image\/\",\"url\":\"https:\/\/www.hartmann-consultants.com\/wp-content\/uploads\/logo_hartmann_rot.svg\",\"contentUrl\":\"https:\/\/www.hartmann-consultants.com\/wp-content\/uploads\/logo_hartmann_rot.svg\",\"caption\":\"Hartmann Consultants\"},\"image\":{\"@id\":\"https:\/\/www.hartmann-consultants.com\/#\/schema\/logo\/image\/\"}}]}<\/script>\n<!-- \/ Yoast SEO plugin. -->","yoast_head_json":{"title":"hc quarterly February 2021 - Hartmann Consultants","robots":{"index":"index","follow":"follow","max-snippet":"max-snippet:-1","max-image-preview":"max-image-preview:large","max-video-preview":"max-video-preview:-1"},"canonical":"https:\/\/www.hartmann-consultants.com\/en\/hc-quarterly-february-2021\/","og_locale":"en_US","og_type":"article","og_title":"hc quarterly February 2021 - Hartmann Consultants","og_url":"https:\/\/www.hartmann-consultants.com\/en\/hc-quarterly-february-2021\/","og_site_name":"Hartmann Consultants","article_modified_time":"2021-02-08T09:35:03+00:00","og_image":[{"url":"https:\/\/www.hartmann-consultants.com\/wp-content\/uploads\/quarterly2021_header.jpg"}],"twitter_card":"summary_large_image","twitter_misc":{"Est. reading time":"2 minutes"},"schema":{"@context":"https:\/\/schema.org","@graph":[{"@type":"WebPage","@id":"https:\/\/www.hartmann-consultants.com\/en\/hc-quarterly-february-2021\/","url":"https:\/\/www.hartmann-consultants.com\/en\/hc-quarterly-february-2021\/","name":"hc quarterly February 2021 - Hartmann Consultants","isPartOf":{"@id":"https:\/\/www.hartmann-consultants.com\/#website"},"primaryImageOfPage":{"@id":"https:\/\/www.hartmann-consultants.com\/en\/hc-quarterly-february-2021\/#primaryimage"},"image":{"@id":"https:\/\/www.hartmann-consultants.com\/en\/hc-quarterly-february-2021\/#primaryimage"},"thumbnailUrl":"https:\/\/www.hartmann-consultants.com\/wp-content\/uploads\/quarterly2021_header.jpg","datePublished":"2021-01-21T14:34:52+00:00","dateModified":"2021-02-08T09:35:03+00:00","breadcrumb":{"@id":"https:\/\/www.hartmann-consultants.com\/en\/hc-quarterly-february-2021\/#breadcrumb"},"inLanguage":"en-US","potentialAction":[{"@type":"ReadAction","target":["https:\/\/www.hartmann-consultants.com\/en\/hc-quarterly-february-2021\/"]}]},{"@type":"ImageObject","inLanguage":"en-US","@id":"https:\/\/www.hartmann-consultants.com\/en\/hc-quarterly-february-2021\/#primaryimage","url":"https:\/\/www.hartmann-consultants.com\/wp-content\/uploads\/quarterly2021_header.jpg","contentUrl":"https:\/\/www.hartmann-consultants.com\/wp-content\/uploads\/quarterly2021_header.jpg"},{"@type":"BreadcrumbList","@id":"https:\/\/www.hartmann-consultants.com\/en\/hc-quarterly-february-2021\/#breadcrumb","itemListElement":[{"@type":"ListItem","position":1,"name":"Startseite","item":"https:\/\/www.hartmann-consultants.com\/en\/"},{"@type":"ListItem","position":2,"name":"hc quarterly February 2021"}]},{"@type":"WebSite","@id":"https:\/\/www.hartmann-consultants.com\/#website","url":"https:\/\/www.hartmann-consultants.com\/","name":"Hartmann Consultants","description":"Executive Search","publisher":{"@id":"https:\/\/www.hartmann-consultants.com\/#organization"},"potentialAction":[{"@type":"SearchAction","target":{"@type":"EntryPoint","urlTemplate":"https:\/\/www.hartmann-consultants.com\/?s={search_term_string}"},"query-input":{"@type":"PropertyValueSpecification","valueRequired":true,"valueName":"search_term_string"}}],"inLanguage":"en-US"},{"@type":"Organization","@id":"https:\/\/www.hartmann-consultants.com\/#organization","name":"Hartmann Consultants","url":"https:\/\/www.hartmann-consultants.com\/","logo":{"@type":"ImageObject","inLanguage":"en-US","@id":"https:\/\/www.hartmann-consultants.com\/#\/schema\/logo\/image\/","url":"https:\/\/www.hartmann-consultants.com\/wp-content\/uploads\/logo_hartmann_rot.svg","contentUrl":"https:\/\/www.hartmann-consultants.com\/wp-content\/uploads\/logo_hartmann_rot.svg","caption":"Hartmann Consultants"},"image":{"@id":"https:\/\/www.hartmann-consultants.com\/#\/schema\/logo\/image\/"}}]}},"_links":{"self":[{"href":"https:\/\/www.hartmann-consultants.com\/en\/wp-json\/wp\/v2\/pages\/3957"}],"collection":[{"href":"https:\/\/www.hartmann-consultants.com\/en\/wp-json\/wp\/v2\/pages"}],"about":[{"href":"https:\/\/www.hartmann-consultants.com\/en\/wp-json\/wp\/v2\/types\/page"}],"author":[{"embeddable":true,"href":"https:\/\/www.hartmann-consultants.com\/en\/wp-json\/wp\/v2\/users\/1"}],"replies":[{"embeddable":true,"href":"https:\/\/www.hartmann-consultants.com\/en\/wp-json\/wp\/v2\/comments?post=3957"}],"version-history":[{"count":2,"href":"https:\/\/www.hartmann-consultants.com\/en\/wp-json\/wp\/v2\/pages\/3957\/revisions"}],"predecessor-version":[{"id":4004,"href":"https:\/\/www.hartmann-consultants.com\/en\/wp-json\/wp\/v2\/pages\/3957\/revisions\/4004"}],"wp:attachment":[{"href":"https:\/\/www.hartmann-consultants.com\/en\/wp-json\/wp\/v2\/media?parent=3957"}],"curies":[{"name":"wp","href":"https:\/\/api.w.org\/{rel}","templated":true}]}}